{"id":838,"date":"2020-02-21T14:53:41","date_gmt":"2020-02-21T13:53:41","guid":{"rendered":"https:\/\/spd-wickrath.de\/?page_id=838"},"modified":"2025-02-25T23:04:10","modified_gmt":"2025-02-25T22:04:10","slug":"bezirksnachrichten","status":"publish","type":"page","link":"https:\/\/spd-wickrath.de\/index.php\/bezirksnachrichten\/","title":{"rendered":"Bezirksnachrichten"},"content":{"rendered":"<p>Die Bezirksvertretung behandelt immer mal wieder auch Themen die uns Menschen in Wickrath und den angeschlossenen Ortschaften betreffen. An dieser Stelle m\u00f6chten wir Sie \u00fcber aktuelle Gespr\u00e4che und Entscheidungen informieren die uns betreffen.<\/p>\n","protected":false},"excerpt":{"rendered":"<p>Die Bezirksvertretung behandelt immer mal wieder auch Themen die uns Menschen in Wickrath und den angeschlossenen Ortschaften betreffen. An dieser Stelle m\u00f6chten wir Sie \u00fcber aktuelle Gespr\u00e4che und Entscheidungen informieren die uns betreffen.<\/p>\n","protected":false},"author":2,"featured_media":0,"parent":0,"menu_order":0,"comment_status":"closed","ping_status":"closed","template":"","meta":{"footnotes":""},"class_list":["post-838","page","type-page","status-publish"],"aioseo_notices":[],"_links":{"self":[{"href":"https:\/\/spd-wickrath.de\/index.php\/wp-json\/wp\/v2\/pages\/838","targetHints":{"allow":["GET"]}}],"collection":[{"href":"https:\/\/spd-wickrath.de\/index.php\/wp-json\/wp\/v2\/pages"}],"about":[{"href":"https:\/\/spd-wickrath.de\/index.php\/wp-json\/wp\/v2\/types\/page"}],"author":[{"embeddable":true,"href":"https:\/\/spd-wickrath.de\/index.php\/wp-json\/wp\/v2\/users\/2"}],"replies":[{"embeddable":true,"href":"https:\/\/spd-wickrath.de\/index.php\/wp-json\/wp\/v2\/comments?post=838"}],"version-history":[{"count":3,"href":"https:\/\/spd-wickrath.de\/index.php\/wp-json\/wp\/v2\/pages\/838\/revisions"}],"predecessor-version":[{"id":3028,"href":"https:\/\/spd-wickrath.de\/index.php\/wp-json\/wp\/v2\/pages\/838\/revisions\/3028"}],"wp:attachment":[{"href":"https:\/\/spd-wickrath.de\/index.php\/wp-json\/wp\/v2\/media?parent=838"}],"curies":[{"name":"wp","href":"https:\/\/api.w.org\/{rel}","templated":true}]}}