{"id":843,"date":"2020-02-21T14:53:41","date_gmt":"2020-02-21T13:53:41","guid":{"rendered":"https:\/\/spd-wickrath.de\/?page_id=843"},"modified":"2020-05-05T15:21:54","modified_gmt":"2020-05-05T13:21:54","slug":"datenschutz","status":"publish","type":"page","link":"https:\/\/spd-wickrath.de\/index.php\/datenschutz\/","title":{"rendered":"Datenschutz"},"content":{"rendered":"\t\t<div data-elementor-type=\"wp-page\" data-elementor-id=\"843\" class=\"elementor elementor-843\">\n\t\t\t\t\t\t<section class=\"elementor-section elementor-top-section elementor-element elementor-element-63ed949 elementor-section-boxed elementor-section-height-default elementor-section-height-default\" data-id=\"63ed949\" data-element_type=\"section\">\n\t\t\t\t\t\t<div class=\"elementor-container elementor-column-gap-default\">\n\t\t\t\t\t<div class=\"elementor-column elementor-col-100 elementor-top-column elementor-element elementor-element-a75f655\" data-id=\"a75f655\" data-element_type=\"column\">\n\t\t\t<div class=\"elementor-widget-wrap elementor-element-populated\">\n\t\t\t\t\t\t<div class=\"elementor-element elementor-element-f7f5e26 elementor-widget elementor-widget-text-editor\" data-id=\"f7f5e26\" data-element_type=\"widget\" data-widget_type=\"text-editor.default\">\n\t\t\t\t<div class=\"elementor-widget-container\">\n\t\t\t\t\t\t\t\t\t<p class=\"Normal P-1\"><span class=\"C-2\" style=\"font-family: arial, helvetica, sans-serif; font-size: 20px;\"><span class=\"C-3\">Datenschutzerkl\u00e4rung.<\/span><\/span><span class=\"C-4\"><br \/><span style=\"font-family: arial, helvetica, sans-serif; font-size: 16px;\">Verantwortliche Stelle im Sinne der Datenschutzgesetze, insbesondere der EU- Datenschutzgrundverordnung (DSGVO), ist:\u00a0<\/span><\/span><\/p><p><span style=\"font-family: arial, helvetica, sans-serif; font-size: 16px;\"><span class=\"C-4\">SPD-<wbr \/>Ortsverein Wickrath<\/span><span class=\"C-3\"><br \/><\/span><a class=\"C-5\" href=\"mailto:onfo@spd-wickrath.de\">info@spd-<wbr \/>wickrath.de<\/a><\/span><\/p><p class=\"Normal P-2\" style=\"text-align: justify;\"><span class=\"C-3\" style=\"font-family: arial, helvetica, sans-serif; font-size: 20px;\">Ihre Betroffenenrechte.<br \/><\/span><span style=\"font-family: arial, helvetica, sans-serif; font-size: 16px;\"><span class=\"C-4\">Unter den angegebenen Kontaktdaten unseres Datenschutzbeauftragten k\u00f6nnen Sie jederzeit folgende Rechte aus\u00fcben:<br \/><\/span><span class=\"C-4\"><br \/>Auskunft \u00fcber Ihre bei uns gespeicherten Daten und deren Verarbeitung,Berichtigung unrichtiger personenbezogener Daten, L\u00f6schung Ihrer bei uns gespeicherten Daten, Einschr\u00e4nkung der Datenverarbeitung, sofern wir Ihre Daten aufgrund gesetzlicher <\/span><span class=\"C-4\">Pflichten noch nicht l\u00f6schen d\u00fcrfen, Widerspruch gegen die Verarbeitung Ihrer Daten bei uns und Daten\u00fcbertragbarkeit, sofern Sie in die Datenverarbeitung eingewilligt haben oder einen Vertrag mit uns abgeschlossen haben. Sofern Sie uns eine Einwilligung erteilt haben, k\u00f6nnen Sie diese jederzeit mit Wirkung f\u00fcr die Zukunft widerrufen.<\/span><\/span><\/p><p class=\"Normal P-2\" style=\"text-align: justify;\"><span class=\"C-4\" style=\"font-family: arial, helvetica, sans-serif; font-size: 16px;\">Sie k\u00f6nnen sich jederzeit mit einer Beschwerde an die f\u00fcr Sie zust\u00e4ndige Aufsichtsbeh\u00f6rde wenden.<br \/>Ihre zust\u00e4ndige Aufsichtsbeh\u00f6rde richtet sich nach dem Bundesland Ihres Wohnsitzes, Ihrer Arbeit oder der mutma\u00dflichen Verletzung. <\/span><\/p><p class=\"Normal P-2\" style=\"text-align: justify;\"><span class=\"C-4\" style=\"font-family: arial, helvetica, sans-serif; font-size: 16px;\">Eine Liste der Aufsichtsbeh\u00f6rden (f\u00fcr den nicht\u00f6ffentlichen Bereich) mit Anschrift finden Sie unter:<br \/><a class=\"C-5\" href=\"https:\/\/www.bfdi.bund.de\/DE\/Infothek\/Anschriften_Links\/anschriften_links-node.html\" target=\"_blank\" rel=\"noopener noreferrer\">https:\/\/www.bfdi.bund.de\/DE\/Infothek\/Anschriften_Links\/anschriften_links-<wbr \/>node.html<\/a><span class=\"C-6\">.<\/span><\/span><\/p><p class=\"Normal\" style=\"text-align: justify;\"><span style=\"font-family: arial, helvetica, sans-serif; font-size: 16px;\"><span class=\"C-8\" style=\"font-size: 20px;\">Zwecke der Datenverarbeitung durch die verantwortliche Stelle und Dritte.<br \/><\/span><\/span><span class=\"C-4\" style=\"font-family: arial, helvetica, sans-serif; font-size: 16px;\">Wir verarbeiten Ihre personenbezogenen Daten nur zu den in dieser Datenschutzerkl\u00e4rung genannten Zwecken. Eine \u00dcbermittlung Ihrer pers\u00f6nlichen Daten an Dritte zu anderen als den genannten Zwecken findet nicht statt. Wir geben Ihre pers\u00f6nlichen Daten nur an Dritte weiter, wenn:<\/span><\/p><p class=\"Normal P-2\" style=\"text-align: justify;\"><span class=\"C-4\" style=\"font-family: arial, helvetica, sans-serif; font-size: 16px;\">Sie Ihre ausdr\u00fcckliche Einwilligung dazu erteilt haben, die Verarbeitung zur Abwicklung eines Vertrags mit Ihnen erforderlich ist, die Verarbeitung zur Erf\u00fcllung einer rechtlichen Verpflichtung erforderlich ist, die Verarbeitung zur Wahrung berechtigter Interessen erforderlich ist und kein Grund zur Annahme besteht, dass Sie ein \u00fcberwiegendes schutzw\u00fcrdiges Interesse an der Nichtweitergabe Ihrer Daten haben.<\/span><\/p><p class=\"Normal\" style=\"text-align: justify;\"><span style=\"font-family: arial, helvetica, sans-serif; font-size: 16px;\"><span class=\"C-8\" style=\"font-size: 20px;\">L\u00f6schung bzw. Sperrung der Daten.<br \/><\/span><\/span><span class=\"C-4\" style=\"font-family: arial, helvetica, sans-serif; font-size: 16px;\">Wir halten uns an die Grunds\u00e4tze der Datenvermeidung und Datensparsamkeit.<br \/>Wir speichern Ihre personenbezogenen Daten daher nur so lange, wie dies zur Erreichung der hier genannten Zwecke erforderlich ist oder wie es die vom Gesetzgeber vorgesehenen vielf\u00e4ltigen Speicherfristen vorsehen. Nach Fortfall des jeweiligen Zweckes bzw. Ablauf dieser Fristen werden die entsprechenden Daten routinem\u00e4\u00dfig und entsprechend den gesetzlichen Vorschriften gesperrt oder gel\u00f6scht.<\/span><\/p><p class=\"Textk\u00f6rper P-2\" style=\"text-align: justify;\"><span style=\"font-family: arial, helvetica, sans-serif; font-size: 16px;\"><span class=\"C-11\" style=\"font-size: 20px;\">Erfassung allgemeiner Informationen beim Besuch unserer Website.<br \/><\/span><\/span><span class=\"C-4\" style=\"font-family: arial, helvetica, sans-serif; font-size: 16px;\">Wenn Sie auf unsere Website zugreifen, werden automatisch mittels eines Cookies Informationen allgemeiner Natur erfasst. Diese Informationen (Server-<wbr \/>Logfiles) beinhalten etwa die Art des Webbrowsers, das verwendete Betriebssystem, den Domainnamen Ihres Internet-<wbr \/>Service-<wbr \/>Providers und \u00e4hnliches. Hierbei handelt es sich ausschlie\u00dflich um Informationen, welche keine R\u00fcckschl\u00fcsse auf Ihre Person zulassen.<\/span><\/p><p class=\"Textk\u00f6rper P-2\" style=\"text-align: justify;\"><span class=\"C-4\" style=\"font-family: arial, helvetica, sans-serif; font-size: 16px;\">Diese Informationen sind technisch notwendig, um von Ihnen angeforderte Inhalte von Webseiten korrekt auszuliefern und fallen bei Nutzung des Internets zwingend an.<br \/>Sie werden insbesondere zu folgenden Zwecken verarbeitet:<\/span><\/p><ul><li class=\"Textk\u00f6rper P-3\"><span class=\"C-4\" style=\"font-family: arial, helvetica, sans-serif; font-size: 16px;\">Sicherstellung eines problemlosen Verbindungsaufbaus der Website,<\/span><\/li><li class=\"Textk\u00f6rper P-3\"><span class=\"C-4\" style=\"font-family: arial, helvetica, sans-serif; font-size: 16px;\">Sicherstellung einer reibungslosen Nutzung unserer Website,<\/span><\/li><li class=\"Textk\u00f6rper P-3\"><span class=\"C-4\" style=\"font-family: arial, helvetica, sans-serif; font-size: 16px;\">Auswertung der Systemsicherheit und &#8211;<wbr \/>stabilit\u00e4t sowie<\/span><\/li><li class=\"Textk\u00f6rper P-4\"><span class=\"C-4\" style=\"font-family: arial, helvetica, sans-serif; font-size: 16px;\">zu weiteren administrativen Zwecken.<\/span><\/li><\/ul><p class=\"Textk\u00f6rper P-2\" style=\"text-align: justify;\"><span style=\"font-family: arial, helvetica, sans-serif; font-size: 16px;\"><span class=\"C-4\">Die Verarbeitung Ihrer personenbezogenen Daten basiert auf unserem berechtigten Interesse aus den vorgenannten Zwecken zur Datenerhebung. Wir verwenden Ihre Daten nicht, um R\u00fcckschl\u00fcsse auf Ihre Person zu ziehen. Empf\u00e4nger der Daten sind nur die verantwortliche Stelle und ggf. Auftragsverarbeiter.<br \/><\/span><span class=\"C-4\">Anonyme Informationen dieser Art werden von uns ggfs. statistisch ausgewertet, um unseren Internetauftritt und die dahinterstehende Technik zu optimieren.<\/span><\/span><\/p><p class=\"Textk\u00f6rper P-5\" style=\"text-align: justify;\"><span class=\"C-11\" style=\"font-family: arial, helvetica, sans-serif; font-size: 20px;\">SSL-<wbr \/>Verschl\u00fcsselung.<br \/><\/span><span class=\"C-4\" style=\"font-family: arial, helvetica, sans-serif; font-size: 16px;\">Um die Sicherheit Ihrer Daten bei der \u00dcbertragung zu sch\u00fctzen, verwenden wir dem aktuellen Stand der Technik entsprechende Verschl\u00fcsselungsverfahren (z. B. SSL) \u00fcber HTTPS.<\/span><\/p><p class=\"Normal\" style=\"text-align: justify;\"><span class=\"C-8\" style=\"font-family: arial, helvetica, sans-serif; font-size: 20px;\">Kontaktformular.<br \/><\/span><span class=\"C-4\" style=\"font-family: arial, helvetica, sans-serif; font-size: 16px;\">Treten Sie bzgl. Fragen jeglicher Art per E-<wbr \/>Mail oder Kontaktformular mit uns in Kontakt, erteilen Sie uns zum Zwecke der Kontaktaufnahme Ihre freiwillige Einwilligung. Hierf\u00fcr ist die Angabe einer validen E-<wbr \/>Mail-<wbr \/>Adresse erforderlich. Diese dient der Zuordnung der Anfrage und der anschlie\u00dfenden Beantwortung derselben.<br \/>Die Angabe weiterer Daten ist optional. Die von Ihnen gemachten Angaben werden zum Zwecke der Bearbeitung der Anfrage sowie f\u00fcr m\u00f6gliche Anschlussfragen gespeichert. Nach Erledigung der von Ihnen gestellten Anfrage werden personenbezogene Daten gel\u00f6scht.<\/span><\/p><p class=\"Normal\" style=\"text-align: justify;\"><span class=\"C-8\" style=\"font-family: arial, helvetica, sans-serif; font-size: 20px;\">\u00c4nderung unserer Datenschutzbestimmungen.<br \/><\/span><span class=\"C-4\" style=\"font-family: arial, helvetica, sans-serif; font-size: 16px;\">Wir behalten uns vor, diese Datenschutzerkl\u00e4rung anzupassen, damit sie stets den aktuellen rechtlichen Anforderungen entspricht oder um \u00c4nderungen unserer Leistungen in der Datenschutzerkl\u00e4rung umzusetzen, z.B. bei der Einf\u00fchrung neuer Services. F\u00fcr Ihren erneuten Besuch gilt dann die neue Datenschutzerkl\u00e4rung.<\/span><\/p><p class=\"Normal\"><span class=\"C-8\" style=\"font-family: arial, helvetica, sans-serif; font-size: 20px;\">Fragen an den Datenschutzbeauftragten.<br \/><\/span><span class=\"C-4\" style=\"font-family: arial, helvetica, sans-serif; font-size: 16px;\">Wenn Sie Fragen zum Datenschutz haben, schreiben Sie uns bitte eine E-<wbr \/>Mail\u00a0<a class=\"C-5\" href=\"mailto:info@spd-wickrath.de\">info@spd-<wbr \/>wickrath.de<\/a><\/span><\/p><p>Die Datenschutzerkl\u00e4rung wurde mit dem Datenschutzerkl\u00e4rungs-<wbr \/>Generator der <span class=\"C-4\" style=\"font-family: arial, helvetica, sans-serif; font-size: 16px;\"><a href=\"https:\/\/www.activemind.de\/\">activeMind AG<\/a>\u00a0erstellt.<\/span><\/p>\t\t\t\t\t\t\t\t<\/div>\n\t\t\t\t<\/div>\n\t\t\t\t\t<\/div>\n\t\t<\/div>\n\t\t\t\t\t<\/div>\n\t\t<\/section>\n\t\t\t\t<\/div>\n\t\t","protected":false},"excerpt":{"rendered":"<p>Datenschutzerkl\u00e4rung. Verantwortliche Stelle im Sinne der Datenschutzgesetze, insbesondere der EU- Datenschutzgrundverordnung (DSGVO), ist:&nbsp; SPD-Ortsverein Wickrath info@spd-wickrath.de Ihre Betroffenenrechte. Unter den angegebenen Kontaktdaten unseres Datenschutzbeauftragten k\u00f6nnen Sie jederzeit folgende Rechte aus\u00fcben: Auskunft \u00fcber Ihre bei uns gespeicherten Daten und deren Verarbeitung,Berichtigung unrichtiger personenbezogener Daten, L\u00f6schung Ihrer bei uns gespeicherten Daten, Einschr\u00e4nkung der Datenverarbeitung, sofern wir Ihre &#8230; <a title=\"Datenschutz\" class=\"read-more\" href=\"https:\/\/spd-wickrath.de\/index.php\/datenschutz\/\" aria-label=\"Mehr Informationen \u00fcber Datenschutz\">Weiterlesen<\/a><\/p>\n","protected":false},"author":2,"featured_media":0,"parent":0,"menu_order":0,"comment_status":"closed","ping_status":"closed","template":"","meta":{"footnotes":""},"class_list":["post-843","page","type-page","status-publish"],"aioseo_notices":[],"_links":{"self":[{"href":"https:\/\/spd-wickrath.de\/index.php\/wp-json\/wp\/v2\/pages\/843","targetHints":{"allow":["GET"]}}],"collection":[{"href":"https:\/\/spd-wickrath.de\/index.php\/wp-json\/wp\/v2\/pages"}],"about":[{"href":"https:\/\/spd-wickrath.de\/index.php\/wp-json\/wp\/v2\/types\/page"}],"author":[{"embeddable":true,"href":"https:\/\/spd-wickrath.de\/index.php\/wp-json\/wp\/v2\/users\/2"}],"replies":[{"embeddable":true,"href":"https:\/\/spd-wickrath.de\/index.php\/wp-json\/wp\/v2\/comments?post=843"}],"version-history":[{"count":0,"href":"https:\/\/spd-wickrath.de\/index.php\/wp-json\/wp\/v2\/pages\/843\/revisions"}],"wp:attachment":[{"href":"https:\/\/spd-wickrath.de\/index.php\/wp-json\/wp\/v2\/media?parent=843"}],"curies":[{"name":"wp","href":"https:\/\/api.w.org\/{rel}","templated":true}]}}